{"id":1366,"date":"2025-10-09T18:12:29","date_gmt":"2025-10-09T16:12:29","guid":{"rendered":"https:\/\/www.rethinkminimal.com\/?page_id=1366"},"modified":"2026-03-23T16:55:20","modified_gmt":"2026-03-23T15:55:20","slug":"rethink-magazine","status":"publish","type":"page","link":"https:\/\/rethinkminimal.com\/en\/rethink-magazine\/","title":{"rendered":"Rethink Magazine"},"content":{"rendered":"<div data-elementor-type=\"wp-page\" data-elementor-id=\"1366\" class=\"elementor elementor-1366\">\n\t\t\t\t<div class=\"elementor-element elementor-element-9133ec3 e-flex e-con-boxed e-con e-parent\" data-id=\"9133ec3\" data-element_type=\"container\">\n\t\t\t\t\t<div class=\"e-con-inner\">\n\t\t<div class=\"elementor-element elementor-element-5ddc910 e-flex e-con-boxed e-con e-child\" data-id=\"5ddc910\" data-element_type=\"container\">\n\t\t\t\t\t<div class=\"e-con-inner\">\n\t\t\t\t<div class=\"elementor-element elementor-element-9df2600 elementor-widget elementor-widget-heading\" data-id=\"9df2600\" data-element_type=\"widget\" data-widget_type=\"heading.default\">\n\t\t\t\t<div class=\"elementor-widget-container\">\n\t\t\t\t\t<h1 class=\"elementor-heading-title elementor-size-default\">RETHINK MAGAZINE<\/h1>\t\t\t\t<\/div>\n\t\t\t\t<\/div>\n\t\t\t\t<div class=\"elementor-element elementor-element-b2f0a31 elementor-widget elementor-widget-text-editor\" data-id=\"b2f0a31\" data-element_type=\"widget\" data-widget_type=\"text-editor.default\">\n\t\t\t\t<div class=\"elementor-widget-container\">\n\t\t\t\t\t\t\t\t\t<p>Thoughts on minimal living, everyday rituals and conscious choices. Written slowly, with intention &#8211; beyond the feed.<\/p>\t\t\t\t\t\t\t\t<\/div>\n\t\t\t\t<\/div>\n\t\t\t\t\t<\/div>\n\t\t\t\t<\/div>\n\t\t\t\t\t<\/div>\n\t\t\t\t<\/div>\n\t\t<div class=\"elementor-element elementor-element-602a29f e-con-full e-flex e-con e-parent\" data-id=\"602a29f\" data-element_type=\"container\">\n\t\t<div class=\"elementor-element elementor-element-f675116 e-con-full e-flex e-con e-child\" data-id=\"f675116\" data-element_type=\"container\">\n\t\t\t\t<div class=\"elementor-element elementor-element-91c2611 elementor-widget-divider--view-line elementor-widget elementor-widget-divider\" data-id=\"91c2611\" data-element_type=\"widget\" data-widget_type=\"divider.default\">\n\t\t\t\t<div class=\"elementor-widget-container\">\n\t\t\t\t\t\t\t<div class=\"elementor-divider\">\n\t\t\t<span class=\"elementor-divider-separator\">\n\t\t\t\t\t\t<\/span>\n\t\t<\/div>\n\t\t\t\t\t\t<\/div>\n\t\t\t\t<\/div>\n\t\t\t\t<\/div>\n\t\t\t\t<\/div>\n\t\t<div class=\"elementor-element elementor-element-2c88f36 e-flex e-con-boxed e-con e-parent\" data-id=\"2c88f36\" data-element_type=\"container\">\n\t\t\t\t\t<div class=\"e-con-inner\">\n\t\t\t\t<div class=\"elementor-element elementor-element-6e31013 elementor-grid-eael-col-3 elementor-grid-tablet-eael-col-2 elementor-grid-mobile-eael-col-1 elementor-widget elementor-widget-eael-post-grid\" data-id=\"6e31013\" data-element_type=\"widget\" data-settings=\"{&quot;eael_post_grid_columns&quot;:&quot;eael-col-3&quot;,&quot;eael_post_grid_columns_tablet&quot;:&quot;eael-col-2&quot;,&quot;eael_post_grid_columns_mobile&quot;:&quot;eael-col-1&quot;}\" data-widget_type=\"eael-post-grid.default\">\n\t\t\t\t<div class=\"elementor-widget-container\">\n\t\t\t\t\t<div id=\"eael-post-grid-6e31013\" class=\"eael-post-grid-container\">\n            <div class=\"eael-post-grid eael-post-appender eael-post-appender-6e31013 eael-post-grid-style-two\" data-layout-mode=\"masonry\"><article class=\"eael-grid-post  eael-post-grid-column eael-pg-post-3428 category-allgemein tags-sunken-cost-fallacy-kleidung-warum-teure-kleidung-loslassen-schwerfaellt\" data-id=\"3428\">\n    <div class=\"eael-grid-post-holder\">\n        <div class=\"eael-grid-post-holder-inner\"><div class=\"eael-entry-media\"><div class=\"eael-entry-overlay fade-in\"><i class=\"fas fa-long-arrow-alt-right\" aria-hidden=\"true\"><\/i><a href=\"https:\/\/rethinkminimal.com\/en\/the-math-of-letting-go-teure-kleidung\/\"><\/a><\/div><div class=\"eael-entry-thumbnail\">\n                            <img fetchpriority=\"high\" decoding=\"async\" width=\"768\" height=\"1024\" src=\"https:\/\/rethinkminimal.com\/wp-content\/uploads\/2026\/03\/teure-kleidung-ausmisten-sunken-cost-fallacy-jacquemus-dress-1-768x1024.jpg\" class=\"attachment-large size-large wp-image-3439\" alt=\"Wei\u00dfes Jacquemus Designer Kleid &quot;Le Splash&quot; vor wei\u00dfem Leinenvorhang\" srcset=\"https:\/\/rethinkminimal.com\/wp-content\/uploads\/2026\/03\/teure-kleidung-ausmisten-sunken-cost-fallacy-jacquemus-dress-1-768x1024.jpg 768w, https:\/\/rethinkminimal.com\/wp-content\/uploads\/2026\/03\/teure-kleidung-ausmisten-sunken-cost-fallacy-jacquemus-dress-1-225x300.jpg 225w, https:\/\/rethinkminimal.com\/wp-content\/uploads\/2026\/03\/teure-kleidung-ausmisten-sunken-cost-fallacy-jacquemus-dress-1-1152x1536.jpg 1152w, https:\/\/rethinkminimal.com\/wp-content\/uploads\/2026\/03\/teure-kleidung-ausmisten-sunken-cost-fallacy-jacquemus-dress-1-1536x2048.jpg 1536w, https:\/\/rethinkminimal.com\/wp-content\/uploads\/2026\/03\/teure-kleidung-ausmisten-sunken-cost-fallacy-jacquemus-dress-1-9x12.jpg 9w, https:\/\/rethinkminimal.com\/wp-content\/uploads\/2026\/03\/teure-kleidung-ausmisten-sunken-cost-fallacy-jacquemus-dress-1-1300x1733.jpg 1300w, https:\/\/rethinkminimal.com\/wp-content\/uploads\/2026\/03\/teure-kleidung-ausmisten-sunken-cost-fallacy-jacquemus-dress-1.jpg 1920w\" sizes=\"(max-width: 768px) 100vw, 768px\" \/>\n                            <\/div>\n                    <\/div><div class=\"eael-entry-wrapper\"><header class=\"eael-entry-header\"><h2 class=\"eael-entry-title\"><a class=\"eael-grid-post-link\" href=\"https:\/\/rethinkminimal.com\/en\/the-math-of-letting-go-teure-kleidung\/\" title=\"The Math of Letting Go: Why &quot;Expensive&quot; is No Argument Against Decluttering.\">The Math of Letting Go: Why \"Expensive\" is No Argument Against Decluttering.<\/a><\/h2><\/header><div class=\"eael-entry-content\">\n                                <div class=\"eael-grid-post-excerpt\"><a href=\"https:\/\/rethinkminimal.com\/en\/the-math-of-letting-go-teure-kleidung\/\" class=\"eael-post-elements-readmore-btn\">Read article<\/a><\/div>\n                            <\/div><\/div><\/div>\n    <\/div>\n<\/article><article class=\"eael-grid-post  eael-post-grid-column eael-pg-post-3143 category-allgemein\" data-id=\"3143\">\n    <div class=\"eael-grid-post-holder\">\n        <div class=\"eael-grid-post-holder-inner\"><div class=\"eael-entry-media\"><div class=\"eael-entry-overlay fade-in\"><i class=\"fas fa-long-arrow-alt-right\" aria-hidden=\"true\"><\/i><a href=\"https:\/\/rethinkminimal.com\/en\/moderner-minimalismus\/\"><\/a><\/div><div class=\"eael-entry-thumbnail\">\n                            <img decoding=\"async\" width=\"768\" height=\"1024\" src=\"https:\/\/rethinkminimal.com\/wp-content\/uploads\/2025\/11\/Maria_Lost-Lindenberg-768x1024.jpg\" class=\"attachment-large size-large wp-image-2510\" alt=\"Entfliehe dem lauten Feed. Dein Safe Space f\u00fcr achtsamen Minimalismus, t\u00e4gliche Rituale &amp; Inspiration abseits der schnellen Social Media Welt. Gr\u00fcnderin von Rethink Minimal ganz im Zeichen von &quot;The Luxury of Less&quot; auf einer Outdoor Lounge in Bali\" srcset=\"https:\/\/rethinkminimal.com\/wp-content\/uploads\/2025\/11\/Maria_Lost-Lindenberg-768x1024.jpg 768w, https:\/\/rethinkminimal.com\/wp-content\/uploads\/2025\/11\/Maria_Lost-Lindenberg-225x300.jpg 225w, https:\/\/rethinkminimal.com\/wp-content\/uploads\/2025\/11\/Maria_Lost-Lindenberg-1152x1536.jpg 1152w, https:\/\/rethinkminimal.com\/wp-content\/uploads\/2025\/11\/Maria_Lost-Lindenberg-1536x2048.jpg 1536w, https:\/\/rethinkminimal.com\/wp-content\/uploads\/2025\/11\/Maria_Lost-Lindenberg-9x12.jpg 9w, https:\/\/rethinkminimal.com\/wp-content\/uploads\/2025\/11\/Maria_Lost-Lindenberg-1300x1733.jpg 1300w, https:\/\/rethinkminimal.com\/wp-content\/uploads\/2025\/11\/Maria_Lost-Lindenberg-scaled.jpg 1920w\" sizes=\"(max-width: 768px) 100vw, 768px\" \/>\n                            <\/div>\n                    <\/div><div class=\"eael-entry-wrapper\"><header class=\"eael-entry-header\"><h2 class=\"eael-entry-title\"><a class=\"eael-grid-post-link\" href=\"https:\/\/rethinkminimal.com\/en\/moderner-minimalismus\/\" title=\"The Luxury of Less: Do I need to take a pass on everything if I want to be a minimalist?\">The Luxury of Less: Do I need to take a pass on everything if I want to be a minimalist?<\/a><\/h2><\/header><div class=\"eael-entry-content\">\n                                <div class=\"eael-grid-post-excerpt\"><a href=\"https:\/\/rethinkminimal.com\/en\/moderner-minimalismus\/\" class=\"eael-post-elements-readmore-btn\">Read article<\/a><\/div>\n                            <\/div><\/div><\/div>\n    <\/div>\n<\/article><\/div>\n            <div class=\"clearfix\"><\/div>\n        <\/div>\t\t\t\t<\/div>\n\t\t\t\t<\/div>\n\t\t\t\t\t<\/div>\n\t\t\t\t<\/div>\n\t\t\t\t<\/div>","protected":false},"excerpt":{"rendered":"<p>RETHINK MAGAZINE Thoughts on minimal living, everyday rituals and conscious choices. Written slowly, with intention &#8211; beyond the feed. The Math of Letting Go: Warum \u201eteuer\u201c kein Argument gegen Ausmisten&#8230;<\/p>","protected":false},"author":2,"featured_media":0,"parent":0,"menu_order":0,"comment_status":"closed","ping_status":"closed","template":"","meta":{"_acf_changed":false,"site-sidebar-layout":"no-sidebar","site-content-layout":"page-builder","ast-site-content-layout":"full-width-container","site-content-style":"unboxed","site-sidebar-style":"unboxed","ast-global-header-display":"","ast-banner-title-visibility":"","ast-main-header-display":"","ast-hfb-above-header-display":"","ast-hfb-below-header-display":"","ast-hfb-mobile-header-display":"","site-post-title":"disabled","ast-breadcrumbs-content":"disabled","ast-featured-img":"disabled","footer-sml-layout":"","theme-transparent-header-meta":"disabled","adv-header-id-meta":"","stick-header-meta":"","header-above-stick-meta":"","header-main-stick-meta":"","header-below-stick-meta":"","astra-migrate-meta-layouts":"set","ast-page-background-enabled":"default","ast-page-background-meta":{"desktop":{"background-color":"var(--ast-global-color-4)","background-image":"","background-repeat":"repeat","background-position":"center center","background-size":"auto","background-attachment":"scroll","background-type":"","background-media":"","overlay-type":"","overlay-color":"","overlay-opacity":"","overlay-gradient":""},"tablet":{"background-color":"","background-image":"","background-repeat":"repeat","background-position":"center center","background-size":"auto","background-attachment":"scroll","background-type":"","background-media":"","overlay-type":"","overlay-color":"","overlay-opacity":"","overlay-gradient":""},"mobile":{"background-color":"","background-image":"","background-repeat":"repeat","background-position":"center center","background-size":"auto","background-attachment":"scroll","background-type":"","background-media":"","overlay-type":"","overlay-color":"","overlay-opacity":"","overlay-gradient":""}},"ast-content-background-meta":{"desktop":{"background-color":"var(--ast-global-color-5)","background-image":"","background-repeat":"repeat","background-position":"center center","background-size":"auto","background-attachment":"scroll","background-type":"","background-media":"","overlay-type":"","overlay-color":"","overlay-opacity":"","overlay-gradient":""},"tablet":{"background-color":"var(--ast-global-color-5)","background-image":"","background-repeat":"repeat","background-position":"center center","background-size":"auto","background-attachment":"scroll","background-type":"","background-media":"","overlay-type":"","overlay-color":"","overlay-opacity":"","overlay-gradient":""},"mobile":{"background-color":"var(--ast-global-color-5)","background-image":"","background-repeat":"repeat","background-position":"center center","background-size":"auto","background-attachment":"scroll","background-type":"","background-media":"","overlay-type":"","overlay-color":"","overlay-opacity":"","overlay-gradient":""}},"footnotes":""},"class_list":["post-1366","page","type-page","status-publish","hentry"],"acf":[],"_links":{"self":[{"href":"https:\/\/rethinkminimal.com\/en\/wp-json\/wp\/v2\/pages\/1366","targetHints":{"allow":["GET"]}}],"collection":[{"href":"https:\/\/rethinkminimal.com\/en\/wp-json\/wp\/v2\/pages"}],"about":[{"href":"https:\/\/rethinkminimal.com\/en\/wp-json\/wp\/v2\/types\/page"}],"author":[{"embeddable":true,"href":"https:\/\/rethinkminimal.com\/en\/wp-json\/wp\/v2\/users\/2"}],"replies":[{"embeddable":true,"href":"https:\/\/rethinkminimal.com\/en\/wp-json\/wp\/v2\/comments?post=1366"}],"version-history":[{"count":3,"href":"https:\/\/rethinkminimal.com\/en\/wp-json\/wp\/v2\/pages\/1366\/revisions"}],"predecessor-version":[{"id":3456,"href":"https:\/\/rethinkminimal.com\/en\/wp-json\/wp\/v2\/pages\/1366\/revisions\/3456"}],"wp:attachment":[{"href":"https:\/\/rethinkminimal.com\/en\/wp-json\/wp\/v2\/media?parent=1366"}],"curies":[{"name":"wp","href":"https:\/\/api.w.org\/{rel}","templated":true}]}}